{"id":1139,"date":"2025-09-29T02:19:38","date_gmt":"2025-09-29T02:19:38","guid":{"rendered":"https:\/\/bsegreen.com\/?page_id=1139"},"modified":"2025-11-01T21:41:04","modified_gmt":"2025-11-01T21:41:04","slug":"pack-energie-immobilier","status":"publish","type":"page","link":"https:\/\/bsegreen.com\/en\/pack-energie-immobilier\/","title":{"rendered":"Pack \u00c9nergie Immobilier"},"content":{"rendered":"<p class=\"has-text-color has-link-color has-medium-font-size wp-elements-789212d580b9e2e343d75e33ebe84318 wp-block-paragraph\" style=\"color:#000000\">R\u00e9duisez les charges communes et valorisez votre patrimoine. Le Pack \u00c9nergie Immobilier (R+3) alimente l\u2019\u00e9clairage, les pompes et la s\u00e9curit\u00e9 gr\u00e2ce au solaire + batteries LiFePO\u2084, tout en diminuant les coupures ressenties par vos locataires et en am\u00e9liorant l\u2019attractivit\u00e9 locative.<\/p>\n\n\n\n<div style=\"height:24px\" aria-hidden=\"true\" class=\"wp-block-spacer\"><\/div>\n\n\n\n<h2 class=\"wp-block-heading alignwide has-text-align-center\">Notre Offre de Service<\/h2>\n\n\n\n<div class=\"bse-embed\">\n  <iframe\n    src=\"https:\/\/na3.hubs.ly\/y07X170\"\n    title=\"Offre de Service\"\n    loading=\"lazy\"\n    allowfullscreen><\/iframe>\n<\/div>\n\n\n\n<div class=\"wp-block-group alignwide has-base-2-background-color has-background has-global-padding is-layout-constrained wp-container-core-group-is-layout-4e81a00d wp-block-group-is-layout-constrained\" style=\"border-radius:16px;padding-top:var(--wp--preset--spacing--40);padding-right:var(--wp--preset--spacing--50);padding-bottom:var(--wp--preset--spacing--40);padding-left:var(--wp--preset--spacing--50)\">\n<div style=\"height:23px\" aria-hidden=\"true\" class=\"wp-block-spacer\"><\/div>\n\n\n\n<h2 class=\"wp-block-heading has-text-align-center has-large-font-size\">Obtenez un Audit Energ\u00e9tique pour Votre&nbsp;Immeuble<\/h2>\n\n\n\n<div style=\"height:20px\" aria-hidden=\"true\" class=\"wp-block-spacer\"><\/div>\n\n\n\n<div class=\"wp-block-buttons is-content-justification-center is-layout-flex wp-container-core-buttons-is-layout-0aa01211 wp-block-buttons-is-layout-flex\">\n<div class=\"wp-block-button bse-cta\"><a class=\"wp-block-button__link has-text-color has-background has-link-color has-small-font-size has-custom-font-size wp-element-button\" href=\"https:\/\/bsegreen.com\/en\/audit\/\" style=\"color:#e0e502;background-color:#0a4f30\">Order<\/a><\/div>\n<\/div>\n\n\n\n<div style=\"height:42px\" aria-hidden=\"true\" class=\"wp-block-spacer\"><\/div>\n<\/div>","protected":false},"excerpt":{"rendered":"<p>R\u00e9duisez les charges communes et valorisez votre patrimoine. Le Pack \u00c9nergie Immobilier (R+3) alimente l\u2019\u00e9clairage, les pompes et la s\u00e9curit\u00e9 gr\u00e2ce au solaire + batteries LiFePO\u2084, tout en diminuant les coupures ressenties par vos locataires et en am\u00e9liorant l\u2019attractivit\u00e9 locative. Notre Offre de Service Obtenez un Audit Energ\u00e9tique pour Votre&nbsp;Immeuble<\/p>","protected":false},"author":251924822,"featured_media":1130,"parent":0,"menu_order":0,"comment_status":"closed","ping_status":"closed","template":"","meta":{"_crdt_document":"","content-type":"","advanced_seo_description":"","jetpack_seo_html_title":"","jetpack_seo_noindex":false,"jetpack_post_was_ever_published":false,"footnotes":""},"class_list":["post-1139","page","type-page","status-publish","has-post-thumbnail","hentry"],"featured_image_src":"https:\/\/i0.wp.com\/bsegreen.com\/wp-content\/uploads\/2025\/09\/Bse-Green-Packages1-1.jpg?fit=1536%2C1024&ssl=1","jetpack_likes_enabled":true,"jetpack_sharing_enabled":true,"jetpack_shortlink":"https:\/\/wp.me\/PgrlNd-in","jetpack-related-posts":[],"_links":{"self":[{"href":"https:\/\/bsegreen.com\/en\/wp-json\/wp\/v2\/pages\/1139","targetHints":{"allow":["GET"]}}],"collection":[{"href":"https:\/\/bsegreen.com\/en\/wp-json\/wp\/v2\/pages"}],"about":[{"href":"https:\/\/bsegreen.com\/en\/wp-json\/wp\/v2\/types\/page"}],"author":[{"embeddable":true,"href":"https:\/\/bsegreen.com\/en\/wp-json\/wp\/v2\/users\/251924822"}],"replies":[{"embeddable":true,"href":"https:\/\/bsegreen.com\/en\/wp-json\/wp\/v2\/comments?post=1139"}],"version-history":[{"count":18,"href":"https:\/\/bsegreen.com\/en\/wp-json\/wp\/v2\/pages\/1139\/revisions"}],"predecessor-version":[{"id":1235,"href":"https:\/\/bsegreen.com\/en\/wp-json\/wp\/v2\/pages\/1139\/revisions\/1235"}],"wp:featuredmedia":[{"embeddable":true,"href":"https:\/\/bsegreen.com\/en\/wp-json\/wp\/v2\/media\/1130"}],"wp:attachment":[{"href":"https:\/\/bsegreen.com\/en\/wp-json\/wp\/v2\/media?parent=1139"}],"curies":[{"name":"wp","href":"https:\/\/api.w.org\/{rel}","templated":true}]}}