{"id":1157,"date":"2025-09-29T23:03:23","date_gmt":"2025-09-29T23:03:23","guid":{"rendered":"https:\/\/bsegreen.com\/?page_id=1157"},"modified":"2025-09-30T01:24:16","modified_gmt":"2025-09-30T01:24:16","slug":"pack-energie-sante","status":"publish","type":"page","link":"https:\/\/bsegreen.com\/en\/pack-energie-sante\/","title":{"rendered":"Clinic Power Assurance Plan"},"content":{"rendered":"<p class=\"has-text-color has-link-color has-medium-font-size wp-elements-0dc57cffa23bba673cfbd8e7c0a65555 wp-block-paragraph\" style=\"color:#000000\"><strong>Assurez la continuit\u00e9 des soins et prot\u00e9gez vos vaccins.<\/strong><br>Le Pack \u00c9nergie Sant\u00e9 alimente vos r\u00e9frig\u00e9rateurs m\u00e9dicaux, \u00e9quipements de diagnostic et \u00e9clairage gr\u00e2ce au solaire + batteries LiFePO\u2084, tout en r\u00e9duisant vos factures d\u2019\u00e9lectricit\u00e9 et en garantissant une autonomie fiable 24h\/24 pour vos cliniques et pharmacies.<\/p>\n\n\n\n<div style=\"height:24px\" aria-hidden=\"true\" class=\"wp-block-spacer\"><\/div>\n\n\n\n<h2 class=\"wp-block-heading alignwide has-text-align-center\">Notre Offre de Service<\/h2>\n\n\n\n<div class=\"bse-embed\">\n  <iframe\n    src=\"https:\/\/na3.hubs.ly\/y07Xkf0\"\n    title=\"Offre de Service\"\n    loading=\"lazy\"\n    allowfullscreen><\/iframe>\n<\/div>\n\n\n\n\n<div class=\"wp-block-group alignwide has-base-2-background-color has-background has-global-padding is-layout-constrained wp-container-core-group-is-layout-4e81a00d wp-block-group-is-layout-constrained\" style=\"border-radius:16px;padding-top:var(--wp--preset--spacing--40);padding-right:var(--wp--preset--spacing--50);padding-bottom:var(--wp--preset--spacing--40);padding-left:var(--wp--preset--spacing--50)\">\n<h2 class=\"wp-block-heading has-text-align-center has-large-font-size\">Obtenez un Audit Energ\u00e9tique pour Votre&nbsp;Structure de Sant\u00e9<\/h2>\n\n\n\n<div style=\"height:9px\" aria-hidden=\"true\" class=\"wp-block-spacer\"><\/div>\n\n\n\n<div class=\"wp-block-buttons is-content-justification-center is-layout-flex wp-container-core-buttons-is-layout-0aa01211 wp-block-buttons-is-layout-flex\">\n<div class=\"wp-block-button has-custom-width wp-block-button__width-25 bse-cta\"><a class=\"wp-block-button__link has-text-color has-background has-link-color has-small-font-size has-custom-font-size wp-element-button\" href=\"https:\/\/bsegreen.com\/en\/audit\/\" style=\"color:#e0e502;background-color:#0a4f30\">Order<\/a><\/div>\n<\/div>\n\n\n\n<div style=\"height:var(--wp--preset--spacing--10)\" aria-hidden=\"true\" class=\"wp-block-spacer\"><\/div>\n<\/div>","protected":false},"excerpt":{"rendered":"<p>Assurez la continuit\u00e9 des soins et prot\u00e9gez vos vaccins.Le Pack \u00c9nergie Sant\u00e9 alimente vos r\u00e9frig\u00e9rateurs m\u00e9dicaux, \u00e9quipements de diagnostic et \u00e9clairage gr\u00e2ce au solaire + batteries LiFePO\u2084, tout en r\u00e9duisant vos factures d\u2019\u00e9lectricit\u00e9 et en garantissant une autonomie fiable 24h\/24 pour vos cliniques et pharmacies. Notre Offre de Service Obtenez un Audit Energ\u00e9tique pour Votre&nbsp;Structure [&hellip;]<\/p>\n","protected":false},"author":251924822,"featured_media":685,"parent":0,"menu_order":0,"comment_status":"closed","ping_status":"closed","template":"","meta":{"_crdt_document":"","content-type":"","advanced_seo_description":"","jetpack_seo_html_title":"","jetpack_seo_noindex":false,"jetpack_post_was_ever_published":false,"footnotes":""},"class_list":["post-1157","page","type-page","status-publish","has-post-thumbnail","hentry"],"featured_image_src":"https:\/\/i0.wp.com\/bsegreen.com\/wp-content\/uploads\/2025\/04\/Clinic-Power-Assurance-Plan.png?fit=1024%2C1024&ssl=1","jetpack_likes_enabled":true,"jetpack_sharing_enabled":true,"jetpack_shortlink":"https:\/\/wp.me\/PgrlNd-iF","jetpack-related-posts":[],"_links":{"self":[{"href":"https:\/\/bsegreen.com\/en\/wp-json\/wp\/v2\/pages\/1157","targetHints":{"allow":["GET"]}}],"collection":[{"href":"https:\/\/bsegreen.com\/en\/wp-json\/wp\/v2\/pages"}],"about":[{"href":"https:\/\/bsegreen.com\/en\/wp-json\/wp\/v2\/types\/page"}],"author":[{"embeddable":true,"href":"https:\/\/bsegreen.com\/en\/wp-json\/wp\/v2\/users\/251924822"}],"replies":[{"embeddable":true,"href":"https:\/\/bsegreen.com\/en\/wp-json\/wp\/v2\/comments?post=1157"}],"version-history":[{"count":6,"href":"https:\/\/bsegreen.com\/en\/wp-json\/wp\/v2\/pages\/1157\/revisions"}],"predecessor-version":[{"id":1186,"href":"https:\/\/bsegreen.com\/en\/wp-json\/wp\/v2\/pages\/1157\/revisions\/1186"}],"wp:featuredmedia":[{"embeddable":true,"href":"https:\/\/bsegreen.com\/en\/wp-json\/wp\/v2\/media\/685"}],"wp:attachment":[{"href":"https:\/\/bsegreen.com\/en\/wp-json\/wp\/v2\/media?parent=1157"}],"curies":[{"name":"wp","href":"https:\/\/api.w.org\/{rel}","templated":true}]}}