{"id":1268,"date":"2025-11-26T01:44:10","date_gmt":"2025-11-26T01:44:10","guid":{"rendered":"https:\/\/bsegreen.com\/product\/ventilateur-solaire-taille-moyenne\/"},"modified":"2025-12-08T20:24:18","modified_gmt":"2025-12-08T20:24:18","slug":"ventilateur-solaire-taille-moyenne","status":"publish","type":"product","link":"https:\/\/bsegreen.com\/en\/product\/ventilateur-solaire-taille-moyenne\/","title":{"rendered":"Ventilateur Solaire Taille Moyenne"},"content":{"rendered":"<p>Ventilateur aliment\u00e9 par \u00e9nergie solaire, silencieux et adapt\u00e9 aux maisons et bureaux.<\/p>","protected":false},"excerpt":{"rendered":"<p>Ventilateur aliment\u00e9 par \u00e9nergie solaire, silencieux et adapt\u00e9 aux maisons et bureaux.<\/p>","protected":false},"featured_media":1412,"comment_status":"open","ping_status":"closed","template":"","meta":{"_crdt_document":"","content-type":"","advanced_seo_description":"","jetpack_seo_html_title":"","jetpack_seo_noindex":false,"jetpack_post_was_ever_published":false,"jetpack_publicize_message":"","jetpack_publicize_feature_enabled":true,"jetpack_social_post_already_shared":true,"jetpack_social_options":{"image_generator_settings":{"template":"highway","default_image_id":0,"font":"","enabled":false},"version":2},"_wpas_customize_per_network":false},"product_brand":[],"product_cat":[70],"product_tag":[],"class_list":{"0":"post-1268","1":"product","2":"type-product","3":"status-publish","4":"has-post-thumbnail","6":"product_cat-equipements-solaire","8":"first","9":"instock","10":"shipping-taxable","11":"purchasable","12":"product-type-simple"},"jetpack_publicize_connections":[],"jetpack_likes_enabled":true,"jetpack_sharing_enabled":true,"jetpack-related-posts":[],"_links":{"self":[{"href":"https:\/\/bsegreen.com\/en\/wp-json\/wp\/v2\/product\/1268","targetHints":{"allow":["GET"]}}],"collection":[{"href":"https:\/\/bsegreen.com\/en\/wp-json\/wp\/v2\/product"}],"about":[{"href":"https:\/\/bsegreen.com\/en\/wp-json\/wp\/v2\/types\/product"}],"replies":[{"embeddable":true,"href":"https:\/\/bsegreen.com\/en\/wp-json\/wp\/v2\/comments?post=1268"}],"wp:featuredmedia":[{"embeddable":true,"href":"https:\/\/bsegreen.com\/en\/wp-json\/wp\/v2\/media\/1412"}],"wp:attachment":[{"href":"https:\/\/bsegreen.com\/en\/wp-json\/wp\/v2\/media?parent=1268"}],"wp:term":[{"taxonomy":"product_brand","embeddable":true,"href":"https:\/\/bsegreen.com\/en\/wp-json\/wp\/v2\/product_brand?post=1268"},{"taxonomy":"product_cat","embeddable":true,"href":"https:\/\/bsegreen.com\/en\/wp-json\/wp\/v2\/product_cat?post=1268"},{"taxonomy":"product_tag","embeddable":true,"href":"https:\/\/bsegreen.com\/en\/wp-json\/wp\/v2\/product_tag?post=1268"}],"curies":[{"name":"wp","href":"https:\/\/api.w.org\/{rel}","templated":true}]}}