{"id":1284,"date":"2025-11-26T01:44:13","date_gmt":"2025-11-26T01:44:13","guid":{"rendered":"https:\/\/bsegreen.com\/product\/inverseur-de-source-monophase-63a-220v\/"},"modified":"2025-12-05T08:31:03","modified_gmt":"2025-12-05T08:31:03","slug":"inverseur-de-source-monophase-63a-220v","status":"publish","type":"product","link":"https:\/\/bsegreen.com\/en\/product\/inverseur-de-source-monophase-63a-220v\/","title":{"rendered":"Inverseur de Source Monophas\u00e9 63A 220V"},"content":{"rendered":"<p>Inverseur de source monophas\u00e9 63A 220V pour bascule r\u00e9seau\/g\u00e9n\u00e9rateur\/solaire.<\/p>","protected":false},"excerpt":{"rendered":"<p>Inverseur de source monophas\u00e9 63A 220V pour bascule r\u00e9seau\/g\u00e9n\u00e9rateur\/solaire.<\/p>","protected":false},"featured_media":1374,"comment_status":"open","ping_status":"closed","template":"","meta":{"_crdt_document":"","content-type":"","advanced_seo_description":"","jetpack_seo_html_title":"","jetpack_seo_noindex":false,"jetpack_post_was_ever_published":false,"jetpack_publicize_message":"","jetpack_publicize_feature_enabled":true,"jetpack_social_post_already_shared":true,"jetpack_social_options":{"image_generator_settings":{"template":"highway","default_image_id":0,"font":"","enabled":false},"version":2},"_wpas_customize_per_network":false},"product_brand":[],"product_cat":[80],"product_tag":[],"class_list":{"0":"post-1284","1":"product","2":"type-product","3":"status-publish","4":"has-post-thumbnail","6":"product_cat-inverseurs-de-source","8":"first","9":"instock","10":"shipping-taxable","11":"purchasable","12":"product-type-simple"},"jetpack_publicize_connections":[],"jetpack_likes_enabled":true,"jetpack_sharing_enabled":true,"jetpack-related-posts":[],"_links":{"self":[{"href":"https:\/\/bsegreen.com\/en\/wp-json\/wp\/v2\/product\/1284","targetHints":{"allow":["GET"]}}],"collection":[{"href":"https:\/\/bsegreen.com\/en\/wp-json\/wp\/v2\/product"}],"about":[{"href":"https:\/\/bsegreen.com\/en\/wp-json\/wp\/v2\/types\/product"}],"replies":[{"embeddable":true,"href":"https:\/\/bsegreen.com\/en\/wp-json\/wp\/v2\/comments?post=1284"}],"wp:featuredmedia":[{"embeddable":true,"href":"https:\/\/bsegreen.com\/en\/wp-json\/wp\/v2\/media\/1374"}],"wp:attachment":[{"href":"https:\/\/bsegreen.com\/en\/wp-json\/wp\/v2\/media?parent=1284"}],"wp:term":[{"taxonomy":"product_brand","embeddable":true,"href":"https:\/\/bsegreen.com\/en\/wp-json\/wp\/v2\/product_brand?post=1284"},{"taxonomy":"product_cat","embeddable":true,"href":"https:\/\/bsegreen.com\/en\/wp-json\/wp\/v2\/product_cat?post=1284"},{"taxonomy":"product_tag","embeddable":true,"href":"https:\/\/bsegreen.com\/en\/wp-json\/wp\/v2\/product_tag?post=1284"}],"curies":[{"name":"wp","href":"https:\/\/api.w.org\/{rel}","templated":true}]}}