{"id":1295,"date":"2025-11-26T01:44:18","date_gmt":"2025-11-26T01:44:18","guid":{"rendered":"https:\/\/bsegreen.com\/product\/cable-rigide-25mm%c2%b2-au-metre\/"},"modified":"2025-12-05T06:24:46","modified_gmt":"2025-12-05T06:24:46","slug":"cable-rigide-25mm%c2%b2-au-metre","status":"publish","type":"product","link":"https:\/\/bsegreen.com\/en\/product\/cable-rigide-25mm%c2%b2-au-metre\/","title":{"rendered":"C\u00e2ble Rigide 2,5mm\u00b2 (au m\u00e8tre)"},"content":{"rendered":"<p>C\u00e2ble \u00e9lectrique rigide 2,5mm\u00b2 pour prises et petits appareils, prix au m\u00e8tre.<\/p>","protected":false},"excerpt":{"rendered":"<p>C\u00e2ble \u00e9lectrique rigide 2,5mm\u00b2 pour prises et petits appareils, prix au m\u00e8tre.<\/p>","protected":false},"featured_media":1370,"comment_status":"open","ping_status":"closed","template":"","meta":{"_crdt_document":"","content-type":"","advanced_seo_description":"","jetpack_seo_html_title":"","jetpack_seo_noindex":false,"jetpack_publicize_message":"","jetpack_publicize_feature_enabled":true,"jetpack_social_post_already_shared":true,"jetpack_social_options":{"image_generator_settings":{"template":"highway","default_image_id":0,"font":"","enabled":false},"version":2},"_wpas_customize_per_network":false},"product_brand":[],"product_cat":[77],"product_tag":[],"class_list":{"0":"post-1295","1":"product","2":"type-product","3":"status-publish","4":"has-post-thumbnail","6":"product_cat-cables-electriques","8":"first","9":"instock","10":"shipping-taxable","11":"purchasable","12":"product-type-simple"},"jetpack_publicize_connections":[],"jetpack_likes_enabled":true,"jetpack_sharing_enabled":true,"jetpack-related-posts":[],"_links":{"self":[{"href":"https:\/\/bsegreen.com\/en\/wp-json\/wp\/v2\/product\/1295","targetHints":{"allow":["GET"]}}],"collection":[{"href":"https:\/\/bsegreen.com\/en\/wp-json\/wp\/v2\/product"}],"about":[{"href":"https:\/\/bsegreen.com\/en\/wp-json\/wp\/v2\/types\/product"}],"replies":[{"embeddable":true,"href":"https:\/\/bsegreen.com\/en\/wp-json\/wp\/v2\/comments?post=1295"}],"wp:featuredmedia":[{"embeddable":true,"href":"https:\/\/bsegreen.com\/en\/wp-json\/wp\/v2\/media\/1370"}],"wp:attachment":[{"href":"https:\/\/bsegreen.com\/en\/wp-json\/wp\/v2\/media?parent=1295"}],"wp:term":[{"taxonomy":"product_brand","embeddable":true,"href":"https:\/\/bsegreen.com\/en\/wp-json\/wp\/v2\/product_brand?post=1295"},{"taxonomy":"product_cat","embeddable":true,"href":"https:\/\/bsegreen.com\/en\/wp-json\/wp\/v2\/product_cat?post=1295"},{"taxonomy":"product_tag","embeddable":true,"href":"https:\/\/bsegreen.com\/en\/wp-json\/wp\/v2\/product_tag?post=1295"}],"curies":[{"name":"wp","href":"https:\/\/api.w.org\/{rel}","templated":true}]}}